{"id":380,"date":"2022-02-20T10:43:51","date_gmt":"2022-02-20T10:43:51","guid":{"rendered":"https:\/\/rsiconferences.com\/?page_id=380"},"modified":"2022-02-20T11:23:49","modified_gmt":"2022-02-20T11:23:49","slug":"politica-de-privacidad","status":"publish","type":"page","link":"https:\/\/rsiconferences.com\/es\/politica-de-privacidad\/","title":{"rendered":"Pol\u00edtica de privacidad"},"content":{"rendered":"<p>[et_pb_section fb_built=\u00bb1&#8243; theme_builder_area=\u00bbpost_content\u00bb _builder_version=\u00bb4.14.8&#8243; _module_preset=\u00bbdefault\u00bb da_is_popup=\u00bboff\u00bb da_exit_intent=\u00bboff\u00bb da_has_close=\u00bbon\u00bb da_alt_close=\u00bboff\u00bb da_dark_close=\u00bboff\u00bb da_not_modal=\u00bbon\u00bb da_is_singular=\u00bboff\u00bb da_with_loader=\u00bboff\u00bb da_has_shadow=\u00bbon\u00bb da_disable_devices=\u00bboff|off|off\u00bb][et_pb_row _builder_version=\u00bb4.14.8&#8243; _module_preset=\u00bbdefault\u00bb theme_builder_area=\u00bbpost_content\u00bb][et_pb_column _builder_version=\u00bb4.14.8&#8243; _module_preset=\u00bbdefault\u00bb type=\u00bb4_4&#8243; theme_builder_area=\u00bbpost_content\u00bb][et_pb_post_title meta=\u00bboff\u00bb featured_image=\u00bboff\u00bb _builder_version=\u00bb4.14.8&#8243; _module_preset=\u00bbdefault\u00bb title_font_size=\u00bb31px\u00bb custom_margin=\u00bb||27px|||\u00bb global_colors_info=\u00bb{}\u00bb locked=\u00bboff\u00bb theme_builder_area=\u00bbpost_content\u00bb][\/et_pb_post_title][et_pb_text _builder_version=\u00bb4.14.8&#8243; _module_preset=\u00bbdefault\u00bb text_text_color=\u00bbrgba(0,0,0,0.7)\u00bb text_font_size=\u00bb15px\u00bb hover_enabled=\u00bb0&#8243; global_colors_info=\u00bb{}\u00bb sticky_enabled=\u00bb0&#8243; locked=\u00bboff\u00bb theme_builder_area=\u00bbpost_content\u00bb]<\/p>\n<h4><strong>Informaci\u00f3n del titular de la web<\/strong><\/h4>\n<p>MARIANNE PRISCHL con domicilio en PSO. VILANOVA, 84 CASA 25, SITGES (BARCELONA), 08870 y MANUELA P\u00c9REZ BERROCAL con domicilio en AV. ONZE DE SETEMBRE 45, 08810 SANT PERE DE RIBES y mail de comunicaciones MPRISCHL@INTERPRETESDECONFERENCIAS.COM<\/p>\n<h4><strong>Responsable de protecci\u00f3n de datos<\/strong><\/h4>\n<p>El titular es el responsable de los datos personales que son recabados por la navegaci\u00f3n y uso de esta web conforme a los requisitos establecidos por el <strong>REGLAMENTO (UE) 2016\/679<\/strong> relativo a la protecci\u00f3n de datos de las personas f\u00edsicas as\u00ed como conforme a la <strong>Ley 34\/2002 de 11 de julio de Servicios de la Sociedad de la Informaci\u00f3n y del Comercio Electr\u00f3nico (LSSI-CE)<\/strong>.<\/p>\n<p>Al utilizar este sitio web entendemos que ha le\u00eddo y comprendido la informaci\u00f3n que se expone en relaci\u00f3n con el tratamiento de sus datos de car\u00e1cter personal.<\/p>\n<h4><strong>Pol\u00edtica de protecci\u00f3n de datos<\/strong><\/h4>\n<p>El responsable aplica el principio de responsabilidad activa en el tratamiento de los datos de car\u00e1cter personal, manteniendo una constante puesta al d\u00eda y una promoci\u00f3n de la mejora continua del sistema de protecci\u00f3n de datos conforme a los requisitos legales exigibles, garantizando en todo caso:<\/p>\n<ul>\n<li>El respeto a las libertades y los derechos fundamentales de las personas f\u00edsicas<\/li>\n<li>Que los datos son tratados de manera l\u00edcita, leal y transparente<\/li>\n<li>Que los datos tratados son exactos, adecuados, pertinentes y limitados en relaci\u00f3n con los fines para los que son recogidos<\/li>\n<li>Que los fines para los que son recogidos son expl\u00edcitos y leg\u00edtimos y que no son tratados de manera incompatible con dichos fines<\/li>\n<\/ul>\n<p>La finalidad de este documento es informar a los usuarios sobre qu\u00e9 hacemos con sus datos personales, c\u00f3mo se recaban, para qu\u00e9 se utilizan, los derechos que les asisten, as\u00ed como toda la informaci\u00f3n legal necesaria establecida por la normativa vigente.<\/p>\n<h4><strong>Datos recabados, finalidad y licitud<\/strong><\/h4>\n<p>Los datos de car\u00e1cter personal tratados son los aportados por los usuarios a trav\u00e9s de los formularios disponibles en este sitio web y son los m\u00ednimos exigibles para poder:<\/p>\n<ul>\n<li>Enviarle informaci\u00f3n sobre nuestros productos \/ servicios<\/li>\n<li>Atender consultas.<\/li>\n<li>Tramitar pedidos, as\u00ed como poder elaborar las facturas correspondientes, informar sobre el estado de los pedidos, atender reclamaciones y cualquier otra gesti\u00f3n derivada de la prestaci\u00f3n del servicio realizado a trav\u00e9s de este sitio web.<\/li>\n<\/ul>\n<p>Dichas finalidades est\u00e1n basadas en principios legales de tratamiento de los datos recogidos por la normativa vigente: para la ejecuci\u00f3n de un contrato o la prestaci\u00f3n de un servicio a los usuarios, para el cumplimiento de obligaciones legales, por el inter\u00e9s leg\u00edtimo y con el consentimiento de los usuarios.<\/p>\n<h4><strong>Formularios web<\/strong><\/h4>\n<p>Los datos personales recabados a trav\u00e9s del formulario web de contacto se usan para poder atender cualquier consulta que el usuario realice a trav\u00e9s del mismo.<\/p>\n<p>Los datos personales recabados en el formulario de pedidos tienen la finalidad de tratar los datos necesarios para la correcta gesti\u00f3n de sus pedidos.<\/p>\n<p>El tratamiento de los datos est\u00e1 legitimado por el consentimiento que usted nos presta al aceptar expresamente las condiciones del tratamiento informadas a trav\u00e9s de esta pol\u00edtica de privacidad.<\/p>\n<h4><strong>Destinatarios de los datos<\/strong><\/h4>\n<p>Los datos de car\u00e1cter personal obtenidos a trav\u00e9s de los formularios web son registrados y conservados en soportes electr\u00f3nicos controlados y supervisados por el responsable del tratamiento.<br \/>Para los casos en los que la comunicaci\u00f3n de datos a terceros no est\u00e9 amparada en las bases legales establecidas en el apartado anterior, la comunicaci\u00f3n de datos a otros destinatarios s\u00f3lo se realizar\u00e1 si el usuario ha dado su consentimiento expreso.<br \/>Se mantienen unos criterios estrictos de selecci\u00f3n de encargados de tratamiento y el compromiso contractual con cada uno de ellos para cumplir y hacer cumplir las obligaciones establecidas en materia de protecci\u00f3n de datos.<br \/>En el caso de que existan transferencias internacionales de datos RSI CONFERENCES garantizar\u00e1 que la transferencia de sus datos personales se realiza de conformidad con las leyes de privacidad aplicables y, en particular, que se apliquen las medidas contractuales, t\u00e9cnicas y organizativas necesarias, como las clausulas contractuales est\u00e1ndar aprobadas por la Comisi\u00f3n Europea.<br \/>Puede obtener m\u00e1s informaci\u00f3n sobre el tratamiento de los datos personales de nuestra organizaci\u00f3n solicit\u00e1ndola en el mail: OFFICE@RSICONFERENCES.COM.<\/p>\n<h4><strong>Medidas t\u00e9cnicas y organizativas de protecci\u00f3n de datos<\/strong><\/h4>\n<p>Los soportes cuentan con las medidas t\u00e9cnicas y organizativas necesarias que garantizan la confidencialidad y la conservaci\u00f3n de los datos personales obtenidos a trav\u00e9s de la web.<br \/>Los datos personales recabados desde la web son tratados mediante protocolo HTML con certificado SSL v\u00e1lido.<br \/>El personal implicado en las operaciones de tratamiento de datos: acceso, edici\u00f3n, borrado, etc\u2026 est\u00e1 capacitado para ello, formado y comprometido con esta pol\u00edtica de protecci\u00f3n de datos.<\/p>\n<h4><strong>Conservaci\u00f3n de los datos<\/strong><\/h4>\n<p>Los datos de car\u00e1cter personal obtenidos a trav\u00e9s del formulario de contacto ser\u00e1n conservados el tiempo necesario para atender la solicitud\/consulta realizada.<br \/>Los datos de car\u00e1cter personal obtenidos a trav\u00e9s del formulario de pedidos ser\u00e1n conservados mientras exista una relaci\u00f3n contractual y\/o comercial con usted o mientras usted no ejerza su derecho de supresi\u00f3n, cancelaci\u00f3n y\/o limitaci\u00f3n del tratamiento de sus datos.<br \/>Vencida la relaci\u00f3n contractual mantendremos la informaci\u00f3n debidamente bloqueada, sin darle ning\u00fan uso, mientras pueda ser necesaria para el ejercicio o defensa de reclamaciones o pueda derivarse alg\u00fan tipo de responsabilidad judicial, legal o contractual de su tratamiento, que deba ser atendida y para lo cual sea necesaria su recuperaci\u00f3n.<\/p>\n<p>En caso que haya aceptado expresamente el env\u00edo de informaci\u00f3n comercial conservaremos sus datos de contacto hasta que usted nos comunique su decisi\u00f3n de anular dichos env\u00edos comerciales.<\/p>\n<h4><strong>Informaci\u00f3n sobre la existencia de decisiones automatizadas (incluida la elaboraci\u00f3n de perfiles)<\/strong><\/h4>\n<p>Normalmente no adoptamos decisiones autom\u00e1ticas, pero cuanto lo hagamos dejaremos claro que se est\u00e1 adoptando ese tipo de decisi\u00f3n. No obstante, RSI CONFERENCES recoge varios apartados dedicados a la personalizaci\u00f3n de servicios a fin de mostrar publicidad personalizada al ingresar en su sitio Web y tambi\u00e9n para el env\u00edo de comunicaciones personalizadas.<br \/>RSI CONFERENCES reconoce la posibilidad de la realizaci\u00f3n de perfiles para mejorar su oferta de productos o personalizar el env\u00edo de ofertas comerciales o dar un trato m\u00e1s personalizado al cliente.<\/p>\n<h4><strong>Oposici\u00f3n a que los datos sean tratados con fines publicitarios<\/strong><\/h4>\n<p>Si diste tu consentimiento para que utilizaran tus datos con fines publicitarios y no deseas seguir recibiendo publicidad, puedes revocar el consentimiento prestado en cualquier momento y a trav\u00e9s del env\u00edo de un correo electr\u00f3nico a mail del responsable OFFICE@RSICONFERENCES.COM.<\/p>\n<h4><strong>Cambios en la Pol\u00edtica de Privacidad<\/strong><\/h4>\n<p>Es posible que modifiquemos la informaci\u00f3n contenida en esta Pol\u00edtica de Privacidad y Cookies cuando lo estimemos conveniente. En caso de que lo hagamos, te lo notificaremos por distintas v\u00edas a trav\u00e9s de la Plataforma (por ejemplo, a trav\u00e9s de un banner, un pop-up o una notificaci\u00f3n push), o incluso te lo comunicaremos a tu direcci\u00f3n de correo electr\u00f3nico cuando el cambio en cuesti\u00f3n sea significativo para con tu privacidad, de manera que puedas revisar los cambios, valorarlos y, en su caso, oponerte o darte de baja en alg\u00fan servicio o funcionalidad. En cualquier caso, te sugerimos que revises esta Pol\u00edtica de Privacidad y Cookies de vez en cuando por si hubiera cambios menores o introducimos alguna mejora interactiva.<\/p>\n<p>[\/et_pb_text][\/et_pb_column][\/et_pb_row][\/et_pb_section]<\/p>\n","protected":false},"excerpt":{"rendered":"<p>Informaci\u00f3n del titular de la web MARIANNE PRISCHL con domicilio en PSO. VILANOVA, 84 CASA 25, SITGES (BARCELONA), 08870 y MANUELA P\u00c9REZ BERROCAL con domicilio en AV. ONZE DE SETEMBRE 45, 08810 SANT PERE DE RIBES y mail de comunicaciones MPRISCHL@INTERPRETESDECONFERENCIAS.COM Responsable de protecci\u00f3n de datos El titular es el responsable de los datos personales [&hellip;]<\/p>\n","protected":false},"author":1,"featured_media":0,"parent":0,"menu_order":0,"comment_status":"closed","ping_status":"closed","template":"","meta":{"_et_pb_use_builder":"on","_et_pb_old_content":"","_et_gb_content_width":"","footnotes":""},"class_list":["post-380","page","type-page","status-publish","hentry"],"_links":{"self":[{"href":"https:\/\/rsiconferences.com\/es\/wp-json\/wp\/v2\/pages\/380","targetHints":{"allow":["GET"]}}],"collection":[{"href":"https:\/\/rsiconferences.com\/es\/wp-json\/wp\/v2\/pages"}],"about":[{"href":"https:\/\/rsiconferences.com\/es\/wp-json\/wp\/v2\/types\/page"}],"author":[{"embeddable":true,"href":"https:\/\/rsiconferences.com\/es\/wp-json\/wp\/v2\/users\/1"}],"replies":[{"embeddable":true,"href":"https:\/\/rsiconferences.com\/es\/wp-json\/wp\/v2\/comments?post=380"}],"version-history":[{"count":6,"href":"https:\/\/rsiconferences.com\/es\/wp-json\/wp\/v2\/pages\/380\/revisions"}],"predecessor-version":[{"id":396,"href":"https:\/\/rsiconferences.com\/es\/wp-json\/wp\/v2\/pages\/380\/revisions\/396"}],"wp:attachment":[{"href":"https:\/\/rsiconferences.com\/es\/wp-json\/wp\/v2\/media?parent=380"}],"curies":[{"name":"wp","href":"https:\/\/api.w.org\/{rel}","templated":true}]}}