{"id":377,"date":"2022-02-20T10:39:27","date_gmt":"2022-02-20T10:39:27","guid":{"rendered":"https:\/\/rsiconferences.com\/?page_id=377"},"modified":"2022-02-20T11:23:38","modified_gmt":"2022-02-20T11:23:38","slug":"politica-de-cookies","status":"publish","type":"page","link":"https:\/\/rsiconferences.com\/es\/politica-de-cookies\/","title":{"rendered":"Pol\u00edtica de cookies"},"content":{"rendered":"<p>[et_pb_section fb_built=\u00bb1&#8243; theme_builder_area=\u00bbpost_content\u00bb _builder_version=\u00bb4.14.8&#8243; _module_preset=\u00bbdefault\u00bb da_is_popup=\u00bboff\u00bb da_exit_intent=\u00bboff\u00bb da_has_close=\u00bbon\u00bb da_alt_close=\u00bboff\u00bb da_dark_close=\u00bboff\u00bb da_not_modal=\u00bbon\u00bb da_is_singular=\u00bboff\u00bb da_with_loader=\u00bboff\u00bb da_has_shadow=\u00bbon\u00bb da_disable_devices=\u00bboff|off|off\u00bb][et_pb_row _builder_version=\u00bb4.14.8&#8243; _module_preset=\u00bbdefault\u00bb theme_builder_area=\u00bbpost_content\u00bb][et_pb_column _builder_version=\u00bb4.14.8&#8243; _module_preset=\u00bbdefault\u00bb type=\u00bb4_4&#8243; theme_builder_area=\u00bbpost_content\u00bb][et_pb_post_title meta=\u00bboff\u00bb featured_image=\u00bboff\u00bb _builder_version=\u00bb4.14.8&#8243; _module_preset=\u00bbdefault\u00bb title_font_size=\u00bb31px\u00bb custom_margin=\u00bb||27px|||\u00bb global_colors_info=\u00bb{}\u00bb locked=\u00bboff\u00bb theme_builder_area=\u00bbpost_content\u00bb][\/et_pb_post_title][et_pb_text _builder_version=\u00bb4.14.8&#8243; _module_preset=\u00bbdefault\u00bb theme_builder_area=\u00bbpost_content\u00bb sticky_enabled=\u00bb0&#8243; text_text_color=\u00bbrgba(0,0,0,0.7)\u00bb text_font_size=\u00bb15px\u00bb hover_enabled=\u00bb0&#8243;]<\/p>\n<p>En el caso de emplear tecnolog\u00eda \u201ccookie\u201d en la web, dispone de un apartado concreto que le informa sobre su existencia, as\u00ed como de su pol\u00edtica de uso. Consulte el apartado \u201cpol\u00edtica de cookies\u201d.<br \/>En caso contrario, no se emplean cookies de navegaci\u00f3n.<\/p>\n<h4><strong>Datos personales de menores<\/strong><\/h4>\n<p>Esta p\u00e1gina web no est\u00e1 dirigida a usuarios menores de edad. Si usted es menor de edad, por favor no intente registrarse como usuario. Si descubrimos que por error hemos obtenido informaci\u00f3n personal de un menor, eliminaremos dicha informaci\u00f3n lo antes posible.<\/p>\n<h4><strong>Ejercicio de los derechos de protecci\u00f3n de datos<\/strong><\/h4>\n<p>De acuerdo con los derechos que confiere la normativa vigente en materia de protecci\u00f3n de datos de car\u00e1cter personal, el usuario podr\u00e1 ejercer los derechos de acceso, rectificaci\u00f3n, limitaci\u00f3n de tratamiento, supresi\u00f3n, portabilidad y oposici\u00f3n al tratamiento de sus datos dirigiendo su petici\u00f3n a la direcci\u00f3n postal indicada o al correo electr\u00f3nico <a href=\"mailto:OFFICE@RSICONFERENCES.COM\">OFFICE@RSICONFERENCES.COM<\/a>.<\/p>\n<p>Para el ejercicio de los derechos deber\u00e1 identificarse mediante la presentaci\u00f3n de su DNI.<\/p>\n<p>Para cualquier reclamaci\u00f3n puede dirigirse al mismo correo indicado. Igualmente podr\u00e1 dirigirse a la Agencia Espa\u00f1ola de Protecci\u00f3n de Datos: www.aepd.es<\/p>\n<p>[\/et_pb_text][\/et_pb_column][\/et_pb_row][\/et_pb_section]<\/p>\n","protected":false},"excerpt":{"rendered":"<p>En el caso de emplear tecnolog\u00eda \u201ccookie\u201d en la web, dispone de un apartado concreto que le informa sobre su existencia, as\u00ed como de su pol\u00edtica de uso. Consulte el apartado \u201cpol\u00edtica de cookies\u201d.En caso contrario, no se emplean cookies de navegaci\u00f3n. Datos personales de menores Esta p\u00e1gina web no est\u00e1 dirigida a usuarios menores [&hellip;]<\/p>\n","protected":false},"author":1,"featured_media":0,"parent":0,"menu_order":0,"comment_status":"closed","ping_status":"closed","template":"","meta":{"_et_pb_use_builder":"on","_et_pb_old_content":"","_et_gb_content_width":"","footnotes":""},"class_list":["post-377","page","type-page","status-publish","hentry"],"_links":{"self":[{"href":"https:\/\/rsiconferences.com\/es\/wp-json\/wp\/v2\/pages\/377","targetHints":{"allow":["GET"]}}],"collection":[{"href":"https:\/\/rsiconferences.com\/es\/wp-json\/wp\/v2\/pages"}],"about":[{"href":"https:\/\/rsiconferences.com\/es\/wp-json\/wp\/v2\/types\/page"}],"author":[{"embeddable":true,"href":"https:\/\/rsiconferences.com\/es\/wp-json\/wp\/v2\/users\/1"}],"replies":[{"embeddable":true,"href":"https:\/\/rsiconferences.com\/es\/wp-json\/wp\/v2\/comments?post=377"}],"version-history":[{"count":4,"href":"https:\/\/rsiconferences.com\/es\/wp-json\/wp\/v2\/pages\/377\/revisions"}],"predecessor-version":[{"id":395,"href":"https:\/\/rsiconferences.com\/es\/wp-json\/wp\/v2\/pages\/377\/revisions\/395"}],"wp:attachment":[{"href":"https:\/\/rsiconferences.com\/es\/wp-json\/wp\/v2\/media?parent=377"}],"curies":[{"name":"wp","href":"https:\/\/api.w.org\/{rel}","templated":true}]}}