{"id":370,"date":"2022-02-20T10:32:31","date_gmt":"2022-02-20T10:32:31","guid":{"rendered":"https:\/\/rsiconferences.com\/?page_id=370"},"modified":"2024-12-19T11:44:45","modified_gmt":"2024-12-19T11:44:45","slug":"aviso-legal","status":"publish","type":"page","link":"https:\/\/rsiconferences.com\/es\/aviso-legal\/","title":{"rendered":"Aviso legal"},"content":{"rendered":"<p>[et_pb_section fb_built=\u00bb1&#8243; _builder_version=\u00bb4.16&#8243; _module_preset=\u00bbdefault\u00bb da_disable_devices=\u00bboff|off|off\u00bb global_colors_info=\u00bb{}\u00bb da_is_popup=\u00bboff\u00bb da_exit_intent=\u00bboff\u00bb da_has_close=\u00bbon\u00bb da_alt_close=\u00bboff\u00bb da_dark_close=\u00bboff\u00bb da_not_modal=\u00bbon\u00bb da_is_singular=\u00bboff\u00bb da_with_loader=\u00bboff\u00bb da_has_shadow=\u00bbon\u00bb][et_pb_row _builder_version=\u00bb4.16&#8243; _module_preset=\u00bbdefault\u00bb global_colors_info=\u00bb{}\u00bb][et_pb_column type=\u00bb4_4&#8243; _builder_version=\u00bb4.16&#8243; _module_preset=\u00bbdefault\u00bb global_colors_info=\u00bb{}\u00bb][et_pb_post_title meta=\u00bboff\u00bb featured_image=\u00bboff\u00bb _builder_version=\u00bb4.16&#8243; _module_preset=\u00bbdefault\u00bb title_font_size=\u00bb31px\u00bb custom_margin=\u00bb||27px|||\u00bb global_colors_info=\u00bb{}\u00bb][\/et_pb_post_title][et_pb_text _builder_version=\u00bb4.16&#8243; _module_preset=\u00bbdefault\u00bb text_text_color=\u00bbrgba(0,0,0,0.7)\u00bb text_font_size=\u00bb15px\u00bb global_colors_info=\u00bb{}\u00bb]<\/p>\n<h4><strong>Informaci\u00f3n del titular de la web<\/strong><\/h4>\n<p>MARIANNE PRISCHL con domicilio en PSO. VILANOVA, 84 CASA 25, SITGES (BARCELONA), 08870 y MANUELA P\u00c9REZ BERROCAL con domicilio en AV. ONZE DE SETEMBRE 45, 08810 SANT PERE DE RIBES y mail de comunicaciones MPRISCHL@INTERPRETESDECONFERENCIAS.COM<\/p>\n<h4><strong>Propiedad intelectual e industrial<\/strong><\/h4>\n<p>El dise\u00f1o del portal y sus c\u00f3digos fuente, as\u00ed como los logos, marcas y dem\u00e1s signos distintivos que aparecen en el mismo pertenecen a (RSI CONFERENCES) y est\u00e1n protegidos por los correspondientes derechos de propiedad intelectual e industrial.<\/p>\n<h4><strong>Responsabilidad de los contenidos<\/strong><\/h4>\n<p>RSI CONFERENCES no se hace responsable de la legalidad de otros sitios web de terceros desde los que pueda accederse al portal. Tampoco responde por la legalidad de otros sitios web de terceros, que pudieran estar vinculados o enlazados desde este portal.<\/p>\n<p>RSI CONFERENCES no ser\u00e1 responsable del uso que terceros hagan de la informaci\u00f3n publicada en el portal, ni tampoco de los da\u00f1os sufridos o p\u00e9rdidas econ\u00f3micas que, de forma directa o indirecta, produzcan o puedan producir perjuicios econ\u00f3micos, materiales o sobre datos, provocados por el uso de dicha informaci\u00f3n.<\/p>\n<h4><strong>Reproducci\u00f3n de contenidos<\/strong><\/h4>\n<p>En virtud de lo dispuesto en la Ley de Propiedad Intelectual quedan expresamente prohibidas la reproducci\u00f3n, la distribuci\u00f3n y la comunicaci\u00f3n p\u00fablica de la totalidad o parte de los contenidos de esta p\u00e1gina web, con fines comerciales en cualquier soporte, y por cualquier medio t\u00e9cnico, sin la autorizaci\u00f3n de RSI CONFERENCES.<\/p>\n<h4><strong>Ley aplicable<\/strong><\/h4>\n<p>RSI CONFERENCES se reserva la facultad de presentar las acciones civiles o penales que considere necesaria por la utilizaci\u00f3n indebida del sitio Web y contenidos, o por el incumplimiento de las presentes condiciones.<\/p>\n<p>La relaci\u00f3n entre el usuario y RSI CONFERENCES se regir\u00e1 por la normativa vigente y de aplicaci\u00f3n en el territorio nacional. De surgir cualquier controversia en relaci\u00f3n a la interpretaci\u00f3n y\/o a la aplicaci\u00f3n de estas condiciones, las partes someter\u00e1n los conflictos a la jurisdicci\u00f3n ordinaria, someti\u00e9ndose a los Jueces y Tribunales que correspondan conforme a Derecho.<\/p>\n<p>As\u00ed mismo le informamos que dispone de un procedimiento de resoluci\u00f3n extrajudicial de controversias gratuito y accesible a todos los ciudadanos, se trata de la plataforma de resoluci\u00f3n de litigios en l\u00ednea de la Uni\u00f3n Europea, accesible a trav\u00e9s del siguiente enlace <a href=\"https:\/\/ec.europa.eu\/consumers\/odr\/main\/?event=main.home2.show.\" target=\"_blank\" rel=\"noopener\">https:\/\/ec.europa.eu\/consumers\/odr\/main\/?event=main.home2.show.<\/a><\/p>\n<p>[\/et_pb_text][\/et_pb_column][\/et_pb_row][\/et_pb_section]<\/p>\n","protected":false},"excerpt":{"rendered":"<p>Informaci\u00f3n del titular de la web MARIANNE PRISCHL con domicilio en PSO. VILANOVA, 84 CASA 25, SITGES (BARCELONA), 08870 y MANUELA P\u00c9REZ BERROCAL con domicilio en AV. ONZE DE SETEMBRE 45, 08810 SANT PERE DE RIBES y mail de comunicaciones MPRISCHL@INTERPRETESDECONFERENCIAS.COM Propiedad intelectual e industrial El dise\u00f1o del portal y sus c\u00f3digos fuente, as\u00ed como [&hellip;]<\/p>\n","protected":false},"author":1,"featured_media":0,"parent":0,"menu_order":0,"comment_status":"closed","ping_status":"closed","template":"","meta":{"_et_pb_use_builder":"on","_et_pb_old_content":"","_et_gb_content_width":"","footnotes":""},"class_list":["post-370","page","type-page","status-publish","hentry"],"_links":{"self":[{"href":"https:\/\/rsiconferences.com\/es\/wp-json\/wp\/v2\/pages\/370","targetHints":{"allow":["GET"]}}],"collection":[{"href":"https:\/\/rsiconferences.com\/es\/wp-json\/wp\/v2\/pages"}],"about":[{"href":"https:\/\/rsiconferences.com\/es\/wp-json\/wp\/v2\/types\/page"}],"author":[{"embeddable":true,"href":"https:\/\/rsiconferences.com\/es\/wp-json\/wp\/v2\/users\/1"}],"replies":[{"embeddable":true,"href":"https:\/\/rsiconferences.com\/es\/wp-json\/wp\/v2\/comments?post=370"}],"version-history":[{"count":8,"href":"https:\/\/rsiconferences.com\/es\/wp-json\/wp\/v2\/pages\/370\/revisions"}],"predecessor-version":[{"id":600,"href":"https:\/\/rsiconferences.com\/es\/wp-json\/wp\/v2\/pages\/370\/revisions\/600"}],"wp:attachment":[{"href":"https:\/\/rsiconferences.com\/es\/wp-json\/wp\/v2\/media?parent=370"}],"curies":[{"name":"wp","href":"https:\/\/api.w.org\/{rel}","templated":true}]}}