{"id":426,"date":"2022-02-20T18:10:03","date_gmt":"2022-02-20T18:10:03","guid":{"rendered":"https:\/\/rsiconferences.com\/?page_id=426"},"modified":"2022-07-18T15:34:46","modified_gmt":"2022-07-18T15:34:46","slug":"datenschutzpolitik","status":"publish","type":"page","link":"https:\/\/rsiconferences.com\/de\/datenschutzpolitik\/","title":{"rendered":"Datenschutzpolitik"},"content":{"rendered":"<p>[et_pb_section fb_built=&#8220;1&#8243; theme_builder_area=&#8220;post_content&#8220; _builder_version=&#8220;4.14.8&#8243; _module_preset=&#8220;default&#8220; da_is_popup=&#8220;off&#8220; da_exit_intent=&#8220;off&#8220; da_has_close=&#8220;on&#8220; da_alt_close=&#8220;off&#8220; da_dark_close=&#8220;off&#8220; da_not_modal=&#8220;on&#8220; da_is_singular=&#8220;off&#8220; da_with_loader=&#8220;off&#8220; da_has_shadow=&#8220;on&#8220; da_disable_devices=&#8220;off|off|off&#8220;][et_pb_row _builder_version=&#8220;4.14.8&#8243; _module_preset=&#8220;default&#8220; theme_builder_area=&#8220;post_content&#8220;][et_pb_column _builder_version=&#8220;4.14.8&#8243; _module_preset=&#8220;default&#8220; type=&#8220;4_4&#8243; theme_builder_area=&#8220;post_content&#8220;][et_pb_post_title meta=&#8220;off&#8220; featured_image=&#8220;off&#8220; _builder_version=&#8220;4.14.8&#8243; _module_preset=&#8220;default&#8220; title_font_size=&#8220;31px&#8220; custom_margin=&#8220;||27px|||&#8220; global_colors_info=&#8220;{}&#8220; locked=&#8220;off&#8220; theme_builder_area=&#8220;post_content&#8220;][\/et_pb_post_title][et_pb_text _builder_version=&#8220;4.14.8&#8243; _module_preset=&#8220;default&#8220; text_text_color=&#8220;rgba(0,0,0,0.7)&#8220; text_font_size=&#8220;15px&#8220; hover_enabled=&#8220;0&#8243; global_colors_info=&#8220;{}&#8220; sticky_enabled=&#8220;0&#8243; locked=&#8220;off&#8220; theme_builder_area=&#8220;post_content&#8220;]<\/p>\n<h4><strong>Eigent\u00fcmer der Website<\/strong><\/h4>\n<p>MARIANNE PRISCHL mit Adresse PASEO. VILANOVA 84, 25, 08870 SITGES (BARCELONA) und MANUELA P\u00c9REZ BERROCAL mit Sitz in AV. ONZE DE SETEMBRE 45, 08810 SANT PERE DE RIBES Mitteilungen an MPRISCHL@INTERPRETESDECONFERENCIAS.COM  <\/p>\n<h4><strong>Verantwortlichkeit Datenschutz<\/strong><\/h4>\n<p>Die Eigent\u00fcmer\/innen sind verantwortlich f\u00fcr die pers\u00f6nlichen Daten, die durch die Nutzung dieser Website in \u00dcbereinstimmung mit den Bestimmungen der <g id=\"gid_0\">Verordnung (EU) 2016\/679<\/g> \u00fcber den Schutz nat\u00fcrlicher Personen und in \u00dcbereinstimmung mit dem <g id=\"gid_1\">Gesetz 34\/2002 vom 11. Juli \u00fcber Dienstleitungen der Informationsgesellschaft und den elektronischen Handel (LSSI-CE)<\/g> gesammelt werden.  <\/p>\n<p>Durch die Nutzung dieser Website gehen wir davon aus, dass Sie die Informationen \u00fcber die Verarbeitung Ihrer personenbezogenen Daten gelesen und verstanden haben.<\/p>\n<h4><strong>Datenschutzpolitik<\/strong><\/h4>\n<p>Die f\u00fcr die Verarbeitung Verantwortlichen wenden den Grundsatz der aktiven Verantwortung bei der Verarbeitung personenbezogener Daten an und sorgen f\u00fcr eine st\u00e4ndige Aktualisierung und F\u00f6rderung der kontinuierlichen Verbesserung des Datenschutzsystems in \u00dcbereinstimmung mit den geltenden rechtlichen Anforderungen, wobei sie in jedem Fall gew\u00e4hrleisten, dass:<\/p>\n<ul>\n<li>die Freiheiten und Grundrechte nat\u00fcrlicher Personen geachtet werden<\/li>\n<li>dass die Daten auf rechtm\u00e4\u00dfige, faire und transparente Weise verarbeitet werden<\/li>\n<li>dass die verarbeiteten Daten richtig, angemessen, sachdienlich und auf die Zwecke, f\u00fcr die sie erhoben werden, beschr\u00e4nkt sind<\/li>\n<li>dass die Zwecke, f\u00fcr die sie erhoben werden, ausdr\u00fccklich und rechtm\u00e4\u00dfig sind und dass sie nicht in einer Weise verarbeitet werden, die mit diesen Zwecken unvereinbar ist<\/li>\n<\/ul>\n<p>Zweck dieses Dokuments ist es, die Beutzer dar\u00fcber zu informieren, was wir mit ihren personenbezogenen Daten machen, wie sie erhoben werden, wof\u00fcr sie verwendet werden, welche Rechte sie haben und alle notwendigen rechtlichen Informationen, die in der geltenden Gesetzgebung festgelegt sind.<\/p>\n<h4><strong>Erhobene Daten, Zweck und Rechtm\u00e4\u00dfigkeit<\/strong><\/h4>\n<p>Die verarbeiteten personenbezogenen Daten sind diejenigen, die von den Beutzern \u00fcber die Formulare dieser Website zur Verf\u00fcgung gestellt werden. Diese sind erforderlich f\u00fcr:<\/p>\n<ul>\n<li>Informationen \u00fcber unsere Produkte\/Dienstleistungen.<\/li>\n<li>Antworten auf Anfragen.<\/li>\n<li>Bestellungen zu bearbeiten sowie die entsprechenden Rechnungen zu erstellen, \u00fcber den Stand der Bestellungen zu berichten, Beschwerden zu bearbeiten und jede andere Verwaltungst\u00e4tigkeit, die sich aus der Erbringung der \u00fcber diese Website angebotenen Dienstleistung ergibt.<\/li>\n<\/ul>\n<p>Diese Zwecke beruhen auf den Rechtsgrunds\u00e4tzen der Datenverarbeitung, die in der geltenden Gesetzgebung verankert sind: f\u00fcr die Ausf\u00fchrung eines Vertrags oder die Erbringung einer Dienstleistung f\u00fcr die Benutzer, f\u00fcr die Erf\u00fcllung rechtlicher Verpflichtungen, f\u00fcr legitime Interessen und mit der Zustimmung der Benutzer.<\/p>\n<h4><strong>Web-Formulare<\/strong><\/h4>\n<p>Die \u00fcber das Kontaktformular gesammelten personenbezogenen Daten werden verwendet, um die vom Nutzer \u00fcber dieses Formular gestellten Anfragen zu bearbeiten.<\/p>\n<p>Die im Bestellformular erhobenen personenbezogenen Daten werden zur Verarbeitung der Daten verwendet, die f\u00fcr die korrekte Verwaltung Ihrer Bestellungen erforderlich sind.<\/p>\n<p>Die Verarbeitung der Daten wird durch die Zustimmung legitimiert, indem Sie ausdr\u00fccklich die Bedingungen der Verarbeitung akzeptieren, die durch diese Datenschutzrichtlinie mitgeteilt werden.<\/p>\n<h4><strong>Empf\u00e4nger der Daten<\/strong><\/h4>\n<p>Die \u00fcber die Webformulare erhobenen personenbezogenen Daten werden auf elektronischen Datentr\u00e4gern erfasst und gespeichert, die von den f\u00fcr die Verarbeitung Verantwortlichen kontrolliert und \u00fcberwacht werden.<br \/>In den F\u00e4llen, in denen die Weitergabe von Daten an Dritte nicht durch die im vorangegangenen Absatz genannten Rechtsgrundlagen gedeckt ist, erfolgt die Weitergabe von Daten an andere Empf\u00e4nger nur dann, wenn der Nutzer seine ausdr\u00fcckliche Zustimmung erteilt hat.<br \/>Um die im Bereich des Datenschutzes festgelegten Verpflichtungen einzuhalten und durchzusetzen, werden strenge Kriterien bei der Auswahl der Datenverarbeiter und den vertraglichen Verpflichtungen mit jedem von ihnen eingehalten.<br \/>Bei internationalen Daten\u00fcbermittlungen stellt RSI CONFERENCES sicher, dass die \u00dcbermittlung Ihrer personenbezogenen Daten in \u00dcbereinstimmung mit den geltenden Datenschutzgesetzen erfolgt und dass insbesondere die erforderlichen vertraglichen, technischen und organisatorischen Ma\u00dfnahmen, wie die von der Europ\u00e4ischen Kommission genehmigten Standardvertragsklauseln, umgesetzt werden.<br \/>Um die im Bereich des Datenschutzes festgelegten Verpflichtungen einzuhalten und durchzusetzen, werden strenge Kriterien bei der Auswahl der Datenverarbeiter und den vertraglichen Verpflichtungen mit jedem von ihnen eingehalten.<\/p>\n<h4><strong>Technische und organisatorische Ma\u00dfnahmen zum Datenschutz<\/strong><\/h4>\n<p>Die Tr\u00e4ger sind mit den notwendigen technischen und organisatorischen Ma\u00dfnahmen ausgestattet, um die Vertraulichkeit und den Schutz der \u00fcber die Website erhaltenen personenbezogenen Daten zu gew\u00e4hrleisten.<br \/>Die auf der Website erhobenen personenbezogenen Daten werden \u00fcber das HTML-Protokoll mit einem g\u00fcltigen SSL-Zertifikat verarbeitet.<br \/>Das an der Datenverarbeitung beteiligte Personal (Zugang, Bearbeitung, L\u00f6schung usw.) ist qualifiziert, geschult und an diese Datenschutzpolitik gebunden.<\/p>\n<h4><strong>Aufbewahrung von Daten<\/strong><\/h4>\n<p>Die \u00fcber das Kontaktformular erhobenen personenbezogenen Daten werden so lange gespeichert, wie es f\u00fcr die Bearbeitung der Anfrage erforderlich ist.<br \/>Die \u00fcber das Bestellformular erhobenen personenbezogenen Daten werden f\u00fcr den folgenden Zeitraum aufbewahrt: solange eine vertragliche und\/oder gesch\u00e4ftliche Beziehung zu Ihnen besteht oder solange Sie Ihr Recht auf L\u00f6schung, Widerruf und\/oder Einschr\u00e4nkung der Verarbeitung Ihrer Daten nicht aus\u00fcben.<br \/>Nach Ablauf des Vertragsverh\u00e4ltnisses bewahren wir die Daten ordnungsgem\u00e4\u00df gesperrt auf, ohne sie zu verwenden, solange sie f\u00fcr die Geltendmachung oder Verteidigung von Anspr\u00fcchen erforderlich sind oder sich aus ihrer Verarbeitung irgendeine Art von gerichtlicher, gesetzlicher oder vertraglicher Haftung ergibt, die erf\u00fcllt werden muss und f\u00fcr die ihre Wiederherstellung erforderlich ist.<\/p>\n<p>Wenn Sie der Zusendung von Gesch\u00e4ftsinformation ausdr\u00fccklich zugestimmt haben, bewahren wir Ihre Kontaktdaten so lange auf, bis Sie uns mitteilen, dass Sie derartige Zusendungen abbestellen m\u00f6chten.<\/p>\n<h4><strong>Informationen \u00fcber existierende automatisierter Entscheidungen (einschlie\u00dflich Profiling)<\/strong><\/h4>\n<p>Normalerweise treffen wir keine automatisierten Entscheidungen. Wenn wir dies tun, werden wir bekanntgeben, dass eine solche Entscheidung getroffen wird. RSI CONFERENCES f\u00fchrt jedoch mehrere Bereiche, die der Personalisierung von Diensten gewidmet sind, die den Benutzern bei Besuch der Website personalisierte Werbung zeigen und Mitteilungen verschickt. <br \/>RSI CONFERENCES erkennt die M\u00f6glichkeit der Profilerstellung zur Verbesserung seines Produktangebots, um die Zusendung von kommerziellen Angeboten zu individualisieren oder dem Kunden eine pers\u00f6nlichere Behandlung zukommen zu lassen.<\/p>\n<h4><strong>Widerspruch gegen die Verarbeitung der Daten zu Werbezwecken<\/strong><\/h4>\n<p>Wenn Sie der Verwendung Ihrer Daten zu Werbezwecken zugestimmt haben und keine Werbung mehr erhalten m\u00f6chten, k\u00f6nnen Sie Ihre Zustimmung jederzeit per E-Mail an OFFICE@RSICONFERENCES.COM widerrufen.<\/p>\n<h4><strong>\u00c4nderungen der Datenschutzrichtlinie<\/strong><\/h4>\n<p>Die in dieser Datenschutz- und Cookie-Richtlinie enthaltenen Informationen k\u00f6nnen von Zeit zu Zeit ge\u00e4ndert werden. Wird dies getan, werden wir Sie auf verschiedene Weise \u00fcber die Plattform benachrichtigen (z. B. durch ein Banner, ein Pop-up oder eine Push-Benachrichtigung), oder wir werden Sie \u00fcber Ihre E-Mail-Adresse benachrichtigen, wenn die betreffende \u00c4nderung von Bedeutung ist f\u00fcr mit Ihrer Privatsph\u00e4re, so dass Sie die \u00c4nderungen \u00fcberpr\u00fcfen, bewerten und ggf. einer Dienstleistung oder einer Funktion widersprechen oder diese abbestellen k\u00f6nnen. In jedem Fall empfehlen wir Ihnen, diese Datenschutz- und Cookie-Richtlinie von Zeit zu Zeit zu \u00fcberpr\u00fcfen, falls es kleinere \u00c4nderungen gibt oder wir interaktive Verbesserungen einf\u00fchren.  <\/p>\n<p>[\/et_pb_text][\/et_pb_column][\/et_pb_row][\/et_pb_section]<\/p>\n","protected":false},"excerpt":{"rendered":"<p>Eigent\u00fcmer der Website MARIANNE PRISCHL mit Adresse PASEO. VILANOVA 84, 25, 08870 SITGES (BARCELONA) und MANUELA P\u00c9REZ BERROCAL mit Sitz in AV. ONZE DE SETEMBRE 45, 08810 SANT PERE DE RIBES Mitteilungen an MPRISCHL@INTERPRETESDECONFERENCIAS.COM Verantwortlichkeit Datenschutz Die Eigent\u00fcmer\/innen sind verantwortlich f\u00fcr die pers\u00f6nlichen Daten, die durch die Nutzung dieser Website in \u00dcbereinstimmung mit den Bestimmungen [&hellip;]<\/p>\n","protected":false},"author":1,"featured_media":0,"parent":0,"menu_order":0,"comment_status":"closed","ping_status":"closed","template":"","meta":{"_et_pb_use_builder":"on","_et_pb_old_content":"","_et_gb_content_width":"","footnotes":""},"class_list":["post-426","page","type-page","status-publish","hentry"],"_links":{"self":[{"href":"https:\/\/rsiconferences.com\/de\/wp-json\/wp\/v2\/pages\/426","targetHints":{"allow":["GET"]}}],"collection":[{"href":"https:\/\/rsiconferences.com\/de\/wp-json\/wp\/v2\/pages"}],"about":[{"href":"https:\/\/rsiconferences.com\/de\/wp-json\/wp\/v2\/types\/page"}],"author":[{"embeddable":true,"href":"https:\/\/rsiconferences.com\/de\/wp-json\/wp\/v2\/users\/1"}],"replies":[{"embeddable":true,"href":"https:\/\/rsiconferences.com\/de\/wp-json\/wp\/v2\/comments?post=426"}],"version-history":[{"count":10,"href":"https:\/\/rsiconferences.com\/de\/wp-json\/wp\/v2\/pages\/426\/revisions"}],"predecessor-version":[{"id":565,"href":"https:\/\/rsiconferences.com\/de\/wp-json\/wp\/v2\/pages\/426\/revisions\/565"}],"wp:attachment":[{"href":"https:\/\/rsiconferences.com\/de\/wp-json\/wp\/v2\/media?parent=426"}],"curies":[{"name":"wp","href":"https:\/\/api.w.org\/{rel}","templated":true}]}}