{"id":411,"date":"2022-02-20T17:46:57","date_gmt":"2022-02-20T17:46:57","guid":{"rendered":"https:\/\/rsiconferences.com\/?page_id=411"},"modified":"2022-03-28T16:54:28","modified_gmt":"2022-03-28T16:54:28","slug":"rechtlicher-hinweis","status":"publish","type":"page","link":"https:\/\/rsiconferences.com\/de\/rechtlicher-hinweis\/","title":{"rendered":"Rechtlicher Hinweis"},"content":{"rendered":"<p>[et_pb_section fb_built=&#8220;1&#8243; _builder_version=&#8220;4.14.8&#8243; _module_preset=&#8220;default&#8220; hover_enabled=&#8220;0&#8243; da_disable_devices=&#8220;off|off|off&#8220; global_colors_info=&#8220;{}&#8220; sticky_enabled=&#8220;0&#8243; da_is_popup=&#8220;off&#8220; da_exit_intent=&#8220;off&#8220; da_has_close=&#8220;on&#8220; da_alt_close=&#8220;off&#8220; da_dark_close=&#8220;off&#8220; da_not_modal=&#8220;on&#8220; da_is_singular=&#8220;off&#8220; da_with_loader=&#8220;off&#8220; da_has_shadow=&#8220;on&#8220;][et_pb_row _builder_version=&#8220;4.14.8&#8243; _module_preset=&#8220;default&#8220; global_colors_info=&#8220;{}&#8220;][et_pb_column type=&#8220;4_4&#8243; _builder_version=&#8220;4.14.8&#8243; _module_preset=&#8220;default&#8220; global_colors_info=&#8220;{}&#8220;][et_pb_post_title meta=&#8220;off&#8220; featured_image=&#8220;off&#8220; _builder_version=&#8220;4.14.8&#8243; _module_preset=&#8220;default&#8220; title_font_size=&#8220;31px&#8220; custom_margin=&#8220;||27px|||&#8220; global_colors_info=&#8220;{}&#8220;][\/et_pb_post_title][et_pb_text _builder_version=&#8220;4.14.8&#8243; _module_preset=&#8220;default&#8220; text_text_color=&#8220;rgba(0,0,0,0.7)&#8220; text_font_size=&#8220;15px&#8220; hover_enabled=&#8220;0&#8243; global_colors_info=&#8220;{}&#8220; sticky_enabled=&#8220;0&#8243;]<\/p>\n<h4><strong>Eigent\u00fcmer der Website<\/strong><\/h4>\n<p>MARIANNE PRISCHL mit Adresse PASEO. VILANOVA 84, 25, 08870 SITGES (BARCELONA) und MANUELA P\u00c9REZ BERROCAL mit Sitz in AV. ONZE DE SETEMBRE 45, 08810 SANT PERE DE RIBES Mitteilungen an MPRISCHL@INTERPRETESDECONFERENCIAS.COM  <\/p>\n<h4><strong>Geistiges und gewerbliches Eigentum<\/strong><\/h4>\n<p>Das Design des Portals und seiner Quellcodes sowie die Logos, Marken und andere Unterscheidungsmerkmale, die darin erscheinen, geh\u00f6ren (RSI CONFERENCES) und sind durch die entsprechenden Rechte des geistigen und gewerblichen Eigentums gesch\u00fctzt.<\/p>\n<h4><strong>Verantwortung f\u00fcr die Inhalte<\/strong><\/h4>\n<p>RSI CONFERENCES ist nicht verantwortlich f\u00fcr die Rechtm\u00e4\u00dfigkeit von Websites Dritter, von denen aus auf das Portal Zugriff besteht. Sie ist auch nicht verantwortlich f\u00fcr die Rechtm\u00e4\u00dfigkeit anderer Websites Dritter, die von diesem Portal aus verlinkt oder verkn\u00fcpft sind. <\/p>\n<p>RSI CONFERENCES haftet weder f\u00fcr die Nutzung der auf dem Portal ver\u00f6ffentlichten Informationen durch Dritte noch f\u00fcr erlittene Sch\u00e4den oder wirtschaftliche Verluste, die direkt oder indirekt zu wirtschaftlichen, materiellen oder datenbezogenen Sch\u00e4den f\u00fchren oder f\u00fchren k\u00f6nnen, die durch die Nutzung dieser Informationen verursacht werden.<\/p>\n<h4><strong>Reproduktion von Inhalten<\/strong><\/h4>\n<p>Gem\u00e4\u00df den Bestimmungen des Gesetzes \u00fcber das geistige Eigentum sind die Vervielf\u00e4ltigung, die Verbreitung und die \u00f6ffentliche Wiedergabe des gesamten oder eines Teils des Inhalts dieser Website zu kommerziellen Zwecken in jedem Medium und mit allen technischen Mitteln ohne die Genehmigung von RSI CONFERENCES ausdr\u00fccklich verboten.<\/p>\n<h4><strong>Anwendbares Recht<\/strong><\/h4>\n<p>RSI CONFERENCES beh\u00e4lt sich das Recht vor, zivil- oder strafrechtliche Schritte einzuleiten, die es bei Missbrauch der Website und ihrer Inhalte oder im Falle der Verletzung der vorliegenden Bedingungen f\u00fcr notwendig erachtet.<\/p>\n<p>Die Beziehung zwischen dem Benutzer und RSI CONFERENCES wird durch die geltende Gesetzgebung und die Anwendung derselben auf dem nationalen Gebiet geregelt. Bei Streitigkeiten im Zusammenhang mit der Auslegung und\/oder Anwendung dieser Bedingungen unterwerfen sich die Parteien der ordentlichen Gerichtsbarkeit, sowie den Richtern und Gerichten, die nach dem Gesetz zust\u00e4ndig sind. <\/p>\n<p>Wir informieren Sie auch dar\u00fcber, dass es ein kostenloses und f\u00fcr alle B\u00fcrger zug\u00e4ngliches Verfahren zur au\u00dfergerichtlichen Streitbeilegung gibt, n\u00e4mlich die Online-Streitbeilegungsplattform der Europ\u00e4ischen Union, die \u00fcber den folgenden Link zug\u00e4nglich ist: <a href=\"https:\/\/ec.europa.eu\/consumers\/odr\/main\/?event=main.home2.show.\" target=\"_blank\" rel=\"noopener\">https:\/\/ec.europa.eu\/consumers\/odr\/main\/?event=main.home2.show.<\/a><\/p>\n<p>[\/et_pb_text][\/et_pb_column][\/et_pb_row][\/et_pb_section]<\/p>\n","protected":false},"excerpt":{"rendered":"<p>Eigent\u00fcmer der Website MARIANNE PRISCHL mit Adresse PASEO. VILANOVA 84, 25, 08870 SITGES (BARCELONA) und MANUELA P\u00c9REZ BERROCAL mit Sitz in AV. ONZE DE SETEMBRE 45, 08810 SANT PERE DE RIBES Mitteilungen an MPRISCHL@INTERPRETESDECONFERENCIAS.COM Geistiges und gewerbliches Eigentum Das Design des Portals und seiner Quellcodes sowie die Logos, Marken und andere Unterscheidungsmerkmale, die darin erscheinen, [&hellip;]<\/p>\n","protected":false},"author":1,"featured_media":0,"parent":0,"menu_order":0,"comment_status":"closed","ping_status":"closed","template":"","meta":{"_et_pb_use_builder":"on","_et_pb_old_content":"","_et_gb_content_width":"","footnotes":""},"class_list":["post-411","page","type-page","status-publish","hentry"],"_links":{"self":[{"href":"https:\/\/rsiconferences.com\/de\/wp-json\/wp\/v2\/pages\/411","targetHints":{"allow":["GET"]}}],"collection":[{"href":"https:\/\/rsiconferences.com\/de\/wp-json\/wp\/v2\/pages"}],"about":[{"href":"https:\/\/rsiconferences.com\/de\/wp-json\/wp\/v2\/types\/page"}],"author":[{"embeddable":true,"href":"https:\/\/rsiconferences.com\/de\/wp-json\/wp\/v2\/users\/1"}],"replies":[{"embeddable":true,"href":"https:\/\/rsiconferences.com\/de\/wp-json\/wp\/v2\/comments?post=411"}],"version-history":[{"count":5,"href":"https:\/\/rsiconferences.com\/de\/wp-json\/wp\/v2\/pages\/411\/revisions"}],"predecessor-version":[{"id":462,"href":"https:\/\/rsiconferences.com\/de\/wp-json\/wp\/v2\/pages\/411\/revisions\/462"}],"wp:attachment":[{"href":"https:\/\/rsiconferences.com\/de\/wp-json\/wp\/v2\/media?parent=411"}],"curies":[{"name":"wp","href":"https:\/\/api.w.org\/{rel}","templated":true}]}}