{"id":404,"date":"2022-02-20T17:33:52","date_gmt":"2022-02-20T17:33:52","guid":{"rendered":"https:\/\/rsiconferences.com\/?page_id=404"},"modified":"2022-09-07T07:59:19","modified_gmt":"2022-09-07T07:59:19","slug":"cookies","status":"publish","type":"page","link":"https:\/\/rsiconferences.com\/de\/cookies\/","title":{"rendered":"Cookies"},"content":{"rendered":"<p>[et_pb_section fb_built=&#8220;1&#8243; theme_builder_area=&#8220;post_content&#8220; _builder_version=&#8220;4.14.8&#8243; _module_preset=&#8220;default&#8220; da_is_popup=&#8220;off&#8220; da_exit_intent=&#8220;off&#8220; da_has_close=&#8220;on&#8220; da_alt_close=&#8220;off&#8220; da_dark_close=&#8220;off&#8220; da_not_modal=&#8220;on&#8220; da_is_singular=&#8220;off&#8220; da_with_loader=&#8220;off&#8220; da_has_shadow=&#8220;on&#8220; da_disable_devices=&#8220;off|off|off&#8220;][et_pb_row _builder_version=&#8220;4.14.8&#8243; _module_preset=&#8220;default&#8220; theme_builder_area=&#8220;post_content&#8220;][et_pb_column _builder_version=&#8220;4.14.8&#8243; _module_preset=&#8220;default&#8220; type=&#8220;4_4&#8243; theme_builder_area=&#8220;post_content&#8220;][et_pb_post_title meta=&#8220;off&#8220; featured_image=&#8220;off&#8220; _builder_version=&#8220;4.14.8&#8243; _module_preset=&#8220;default&#8220; title_font_size=&#8220;31px&#8220; custom_margin=&#8220;||27px|||&#8220; global_colors_info=&#8220;{}&#8220; locked=&#8220;off&#8220; theme_builder_area=&#8220;post_content&#8220;][\/et_pb_post_title][et_pb_text _builder_version=&#8220;4.14.8&#8243; _module_preset=&#8220;default&#8220; theme_builder_area=&#8220;post_content&#8220; sticky_enabled=&#8220;0&#8243; text_text_color=&#8220;rgba(0,0,0,0.7)&#8220; text_font_size=&#8220;15px&#8220; hover_enabled=&#8220;0&#8243;]<\/p>\n<p>F\u00fcr den Fall, dass auf der Website \u201eCookie\u201c Technologie verwendet wird, gibt es einen speziellen Abschnitt, der Sie \u00fcber ihre Existenz und ihre Nutzungspolitik informiert. Siehe Abschnitt &#8222;Cookie-Richtlinie&#8220;. <br \/>Andernfalls werden keine Browsing-Cookies verwendet.<\/p>\n<h4><strong>Personenbezogene Daten von Minderj\u00e4hrigen<\/strong><\/h4>\n<p>Diese Website ist nicht f\u00fcr minderj\u00e4hrige Benutzer bestimmt. Wenn Sie minderj\u00e4hrig sind, versuchen Sie bitte nicht, sich als Benutzer zu registrieren. Wenn wir feststellen, dass wir irrt\u00fcmlich personenbezogene Daten eines Minderj\u00e4hrigen erhalten haben, werden wir diese Daten so schnell wie m\u00f6glich l\u00f6schen.  <\/p>\n<h4><strong>Aus\u00fcbung Ihrer Rechte im Bereich des Datenschutzes<\/strong><\/h4>\n<p>Gem\u00e4\u00df den Rechten, die sich aus den geltenden Rechtsvorschriften \u00fcber den Schutz personenbezogener Daten ergeben, k\u00f6nnen die Benutzer ihr Recht auf Zugang, Berichtigung, Einschr\u00e4nkung der Verarbeitung, L\u00f6schung, \u00dcbertragbarkeit und Widerspruch gegen die Verarbeitung ihrer Daten aus\u00fcben, indem sie ihren Antrag an die angegebene Postanschrift oder an die E-Mail-Adresse OFFICE@RSICONFERENCES.COM richten. <a href=\"mailto:OFFICE@RSICONFERENCES.COM\">OFFICE@RSICONFERENCES.COM<\/a>.<\/p>\n<p>Um diese Rechte wahrnehmen zu k\u00f6nnen, m\u00fcssen Sie sich durch Vorlage Ihres Personalausweises ausweisen.<\/p>\n<p>Im Falle einer Reklamation k\u00f6nnen Sie uns \u00fcber die angegebene E-Mail-Adresse kontaktieren. Sie k\u00f6nnen sich auch an die spanische Datenschutzbeh\u00f6rde wenden: www.aepd.es <\/p>\n<p>[\/et_pb_text][\/et_pb_column][\/et_pb_row][\/et_pb_section]<!--2e9048e6--><\/p>\n","protected":false},"excerpt":{"rendered":"<p>F\u00fcr den Fall, dass auf der Website \u201eCookie\u201c Technologie verwendet wird, gibt es einen speziellen Abschnitt, der Sie \u00fcber ihre Existenz und ihre Nutzungspolitik informiert. Siehe Abschnitt &#8222;Cookie-Richtlinie&#8220;. Andernfalls werden keine Browsing-Cookies verwendet. Personenbezogene Daten von Minderj\u00e4hrigen Diese Website ist nicht f\u00fcr minderj\u00e4hrige Benutzer bestimmt. Wenn Sie minderj\u00e4hrig sind, versuchen Sie bitte nicht, sich als [&hellip;]<\/p>\n","protected":false},"author":1,"featured_media":0,"parent":0,"menu_order":0,"comment_status":"closed","ping_status":"closed","template":"","meta":{"_et_pb_use_builder":"on","_et_pb_old_content":"","_et_gb_content_width":"","footnotes":""},"class_list":["post-404","page","type-page","status-publish","hentry"],"_links":{"self":[{"href":"https:\/\/rsiconferences.com\/de\/wp-json\/wp\/v2\/pages\/404","targetHints":{"allow":["GET"]}}],"collection":[{"href":"https:\/\/rsiconferences.com\/de\/wp-json\/wp\/v2\/pages"}],"about":[{"href":"https:\/\/rsiconferences.com\/de\/wp-json\/wp\/v2\/types\/page"}],"author":[{"embeddable":true,"href":"https:\/\/rsiconferences.com\/de\/wp-json\/wp\/v2\/users\/1"}],"replies":[{"embeddable":true,"href":"https:\/\/rsiconferences.com\/de\/wp-json\/wp\/v2\/comments?post=404"}],"version-history":[{"count":10,"href":"https:\/\/rsiconferences.com\/de\/wp-json\/wp\/v2\/pages\/404\/revisions"}],"predecessor-version":[{"id":585,"href":"https:\/\/rsiconferences.com\/de\/wp-json\/wp\/v2\/pages\/404\/revisions\/585"}],"wp:attachment":[{"href":"https:\/\/rsiconferences.com\/de\/wp-json\/wp\/v2\/media?parent=404"}],"curies":[{"name":"wp","href":"https:\/\/api.w.org\/{rel}","templated":true}]}}